{"id":398,"date":"2025-04-23T09:44:07","date_gmt":"2025-04-23T09:44:07","guid":{"rendered":"https:\/\/www.visible-language.org\/journal\/?page_id=398"},"modified":"2026-04-24T09:46:31","modified_gmt":"2026-04-24T09:46:31","slug":"issues","status":"publish","type":"page","link":"https:\/\/www.visible-language.org\/journal\/issues\/","title":{"rendered":"Issues"},"content":{"rendered":"<div class=\"sitecontainer\">\n<div class=\"pagecontainer\">\n<h1>Latest Issue: 60.1<\/h1>\n<div class=\"vji-maindescription\">\n<p>Welcome to the latest issue of Visible Language Journal. <a href=\"https:\/\/www.visible-language.org\/journal\/issue-60-1\" target=\"_blank\">Issue 60.1 \u27a4<\/a> reflects on the evolving scope and identity of graphic design while exploring the shifting relationships between human creativity, technology, and reading practices. The issue opens with a reconsideration of the terminology of the field and questioning what \u201cgraphic design\u201d encompasses today and why the term persists despite the rise of alternatives, before then turning to the growing influence of artificial intelligence in design processes. The discussion of AI raises critical questions about authorship, quality, ethics, learning, and the balance between automation and human expertise, particularly in areas such as type design where creative judgment and technical skill intersect. Alongside this, the issue continues the journal\u2019s longstanding engagement with reading research through an examination of interactive text highlighting in digital environments. By pairing contemporary investigations with historical reflections on early computational design debates, the issue situates current concerns within a broader lineage, inviting readers to consider how definitions, tools, and practices in visual communication continue to evolve.<\/p>\n<\/div>\n<div class=\"vji-contents\" style=\"border-bottom: none;\">\n<div class=\"vji-issuecontent fullissuebox\">\n<h2>Issue 60.1<\/h2>\n<p>Complete Issue<\/p>\n<div class=\"readbtnholder\"><a class=\"viewarticlebtn\" href=\"https:\/\/www.visible-language.org\/Issue-60-1\/Visible-Language-60-1.pdf\" target=\"_blank\" rel=\"noopener\">Download PDF \u27a4<\/a><\/div>\n<\/div>\n<div class=\"vji-issuecontent\">\n<div class=\"latesttag\">\n<p>Issue 60.1<\/p>\n<\/div>\n<h2>The Editors Introduce the April 2026 Issue<\/h2>\n<p>Jeanne-Louise Moys, Mike Zender, and Matthew Peterson<\/p>\n<div class=\"readbtnholder\"><a class=\"viewarticlebtn\" href=\"https:\/\/www.visible-language.org\/journal\/issue-60-1-editors-introduce\/\" target=\"_blank\" rel=\"noopener\">Read Online \u27a4<\/a><\/div>\n<\/div>\n<div class=\"vji-issuecontent\">\n<div class=\"latesttag\">\n<p>Issue 60.1<\/p>\n<\/div>\n<h2>The Terminological Development of Graphic Design: Between Office Art and Social Purpose<\/h2>\n<p>David Preston<\/p>\n<div class=\"readbtnholder\"><a class=\"viewarticlebtn\" href=\"https:\/\/www.visible-language.org\/journal\/issue-60-1-graphic-design-terminology\/\" target=\"_blank\" rel=\"noopener\">Read Online \u27a4<\/a><\/div>\n<\/div>\n<div class=\"vji-issuecontent\">\n<div class=\"latesttag\">\n<p>Issue 60.1<\/p>\n<\/div>\n<h2>Automation and Artificial Intelligence in the Type Design Process: Insights from an Industry Survey<\/h2>\n<p>Alice Savoie, Kai Bernau, Wayne Daly, Raphaela Haefliger, and Sebastian Baez-Lugo<\/p>\n<div class=\"readbtnholder\"><a class=\"viewarticlebtn\" href=\"https:\/\/www.visible-language.org\/journal\/issue-60-1-automation-type-design\/\" target=\"_blank\" rel=\"noopener\">Read Online \u27a4<\/a><\/div>\n<\/div>\n<div class=\"vji-issuecontent\" style=\"min-height: 400px;\">\n<div class=\"latesttag\">\n<p>Issue 60.1<\/p>\n<\/div>\n<h2>Evaluating Interactive Highlighting Techniques in Digital Reading: An Empirical Study of Hover-Based Line, Sentence, and Paragraph Highlighting<\/h2>\n<p>Szabolcs Vat\u00e1ny, Thi Huyen Nguyen, Anik\u00f3 Ill\u00e9s, and Ann Bessemans<\/p>\n<div class=\"readbtnholder\"><a class=\"viewarticlebtn\" href=\"https:\/\/www.visible-language.org\/journal\/issue-60-1-highlighting-techniques\/\" target=\"_blank\" rel=\"noopener\">Read Online \u27a4<\/a><\/div>\n<\/div>\n<div class=\"vji-issuecontent\">\n<div class=\"latesttag\">\n<p>Issue 60.1<\/p>\n<\/div>\n<h2>Why Meta-Font Struck a Nerve<\/h2>\n<p>Mike Zender<\/p>\n<div class=\"readbtnholder\"><a class=\"viewarticlebtn\" href=\"https:\/\/www.visible-language.org\/journal\/issue-60-1-why-metafont\/\" target=\"_blank\" rel=\"noopener\">Read Online \u27a4<\/a><\/div>\n<\/div>\n<div class=\"vji-issuecontent\">\n<div class=\"latesttag\">\n<p>Issue 60.1<\/p>\n<\/div>\n<h2>Metafont, Metamathematics, and Metaphysics: Comments on Donald Knuth\u2019s Article \u201cThe Concept of a Meta-Font\u201d<\/h2>\n<p>Douglas R. Hofstadter<\/p>\n<div class=\"readbtnholder\"><a class=\"viewarticlebtn\" href=\"https:\/\/www.visible-language.org\/journal\/issue-60-1-metafont-comments\/\" target=\"_blank\" rel=\"noopener\">Read Online \u27a4<\/a><\/div>\n<\/div>\n<div class=\"vji-issuecontent\">\n<div class=\"latesttag\">\n<p>Issue 60.1<\/p>\n<\/div>\n<h2>A Profession Provoked: How Meta-Font Struck a Nerve<\/h2>\n<p>Deborah Littlejohn<\/p>\n<div class=\"readbtnholder\"><a class=\"viewarticlebtn\" href=\"https:\/\/www.visible-language.org\/journal\/issue-60-1-how-metafont\/\" target=\"_blank\" rel=\"noopener\">Read Online \u27a4<\/a><\/div>\n<\/div>\n<\/div>\n<div class=\"vji-pastissues\">\n<h2>View Recent Issues<\/h2>\n<p>View every issue of Visible Language Journal in publication since 1967. For older issues, including any not listed below, please visit the <a href=\"https:\/\/journals.uc.edu\/index.php\/vl\/issue\/archive\" target=\"_blank\">Visible Language Journal Archive &nbsp;&#10148;<\/a><\/p>\n<div class=\"gridbox2\" style=\"border-bottom: none; padding-bottom: 0px;\">\n<div class=\"vji-pastissuesbox tooltipenabled\">\n<p><a href=\"https:\/\/www.visible-language.org\/journal\/issue-59-3\" target=\"_blank\">Issue 59.3 &nbsp;&#10148;<\/a><\/p>\n<p><span class=\"tooltiptext\">Opens in a new tab<\/span><\/div>\n<div class=\"vji-pastissuesbox tooltipenabled\">\n<p><a href=\"https:\/\/www.visible-language.org\/journal\/issue-59-2\" target=\"_blank\">Issue 59.2 &nbsp;&#10148;<\/a><\/p>\n<p><span class=\"tooltiptext\">Opens in a new tab<\/span><\/div>\n<div class=\"vji-pastissuesbox tooltipenabled\">\n<p><a href=\"https:\/\/www.visible-language.org\/journal\/issue-59-1\" target=\"_blank\">Issue 59.1 &nbsp;&#10148;<\/a><\/p>\n<p><span class=\"tooltiptext\">Opens in a new tab<\/span><\/div>\n<div class=\"vji-pastissuesbox tooltipenabled\">\n<p><a href=\"https:\/\/journals.uc.edu\/index.php\/vl\/issue\/archive\" target=\"_blank\">Issue 58 &nbsp;&#10148;<\/a><\/p>\n<p><span class=\"tooltiptext\">Opens in a new tab<\/span><\/div>\n<div class=\"vji-pastissuesbox tooltipenabled\">\n<p><a href=\"https:\/\/journals.uc.edu\/index.php\/vl\/issue\/archive\" target=\"_blank\">Issue 57 &nbsp;&#10148;<\/a><\/p>\n<p><span class=\"tooltiptext\">Opens in a new tab<\/span><\/div>\n<\/div>\n<\/div>\n<\/div>\n<\/div>\n","protected":false},"excerpt":{"rendered":"<p>Latest Issue: 60.1 Welcome to the latest issue of Visible Language Journal. Issue 60.1 \u27a4 reflects on the evolving scope and identity of graphic design while exploring the shifting relationships between human creativity, technology, and reading practices. The issue opens with a reconsideration of the terminology of the field and questioning what \u201cgraphic design\u201d encompasses &hellip; <\/p>\n<p class=\"link-more\"><a href=\"https:\/\/www.visible-language.org\/journal\/issues\/\" class=\"more-link\">Continue reading<span class=\"screen-reader-text\"> &#8220;Issues&#8221;<\/span><\/a><\/p>\n","protected":false},"author":1,"featured_media":0,"parent":0,"menu_order":5,"comment_status":"closed","ping_status":"closed","template":"","meta":{"footnotes":""},"class_list":["post-398","page","type-page","status-publish","hentry","entry"],"_links":{"self":[{"href":"https:\/\/www.visible-language.org\/journal\/wp-json\/wp\/v2\/pages\/398","targetHints":{"allow":["GET"]}}],"collection":[{"href":"https:\/\/www.visible-language.org\/journal\/wp-json\/wp\/v2\/pages"}],"about":[{"href":"https:\/\/www.visible-language.org\/journal\/wp-json\/wp\/v2\/types\/page"}],"author":[{"embeddable":true,"href":"https:\/\/www.visible-language.org\/journal\/wp-json\/wp\/v2\/users\/1"}],"replies":[{"embeddable":true,"href":"https:\/\/www.visible-language.org\/journal\/wp-json\/wp\/v2\/comments?post=398"}],"version-history":[{"count":79,"href":"https:\/\/www.visible-language.org\/journal\/wp-json\/wp\/v2\/pages\/398\/revisions"}],"predecessor-version":[{"id":1484,"href":"https:\/\/www.visible-language.org\/journal\/wp-json\/wp\/v2\/pages\/398\/revisions\/1484"}],"wp:attachment":[{"href":"https:\/\/www.visible-language.org\/journal\/wp-json\/wp\/v2\/media?parent=398"}],"curies":[{"name":"wp","href":"https:\/\/api.w.org\/{rel}","templated":true}]}}